{"id":15055,"date":"2022-05-31T08:19:13","date_gmt":"2022-05-31T08:19:13","guid":{"rendered":"https:\/\/turundus.eu\/leht\/kindlustuseabc\/?page_id=15055"},"modified":"2022-06-01T09:07:58","modified_gmt":"2022-06-01T09:07:58","slug":"%d0%bf%d0%be%d0%bb%d0%b5%d0%b7%d0%bd%d1%8b%d0%b5-%d1%81%d1%81%d1%8b%d0%bb%d0%ba%d0%b8","status":"publish","type":"page","link":"https:\/\/kindlustuseabc.ee\/ru\/%d0%bf%d0%be%d0%bb%d0%b5%d0%b7%d0%bd%d1%8b%d0%b5-%d1%81%d1%81%d1%8b%d0%bb%d0%ba%d0%b8\/","title":{"rendered":"\u041f\u043e\u043b\u0435\u0437\u043d\u044b\u0435 \u0441\u0441\u044b\u043b\u043a\u0438"},"content":{"rendered":"<p>[vc_row drbt-bg-image-position=&#187;center-bottom&#187; drbt-bg-image-color-order=&#187;image-over-color&#187; content_placement=&#187;middle&#187; css=&#187;.vc_custom_1653991843316{padding-bottom: 200px !important;background-position: 0 0 !important;background-repeat: repeat !important;}&#187; el_class=&#187;drbt-overflow-visible&#187; drbt-responsive-css=&#187;52451703|colbreak_no|||||||||colbreak_yes|||||80||70||colbreak_no|||||70||60|||colbreak_no|||||||||&#187;][vc_column drbt-zindex=&#187;2&#8243; drbt-responsive-css=&#187;62814254|colbreak_no|||||||||colbreak_no|||0||||||colbreak_no||||||||||colbreak_no|||||||||&#187;][vc_column_text]<\/p>\n<p style=\"text-align: justify;\"><strong>\u0417\u0430\u043a\u043e\u043d\u043e\u0434\u0430\u0442\u0435\u043b\u044c\u0441\u0442\u0432\u043e<\/strong><\/p>\n<p><a href=\"https:\/\/www.riigiteataja.ee\/akt\/175519?leiaKehtiv\" target=\"_blank\" rel=\"noopener\">\u0417\u0430\u043a\u043e\u043d \u043e \u0434\u043e\u043b\u0433\u043e\u0432\u044b\u0445 \u043e\u0431\u044f\u0437\u0430\u0442\u0435\u043b\u044c\u0441\u0442\u0432\u0430\u0445 (V\u00f5la\u00f5igusseadus)<\/a><br \/>\n<a href=\"https:\/\/www.riigiteataja.ee\/akt\/12898375\" target=\"_blank\" rel=\"noopener\">\u0417\u0430\u043a\u043e\u043d \u043e \u0421\u0442\u0440\u0430\u0445\u043e\u0432\u043e\u0439 \u0434\u0435\u044f\u0442\u0435\u043b\u044c\u043d\u043e\u0441\u0442\u0438 (Kindlustustegevuse seadus)<\/a><br \/>\n<a href=\"https:\/\/www.riigiteataja.ee\/akt\/693696\" target=\"_blank\" rel=\"noopener\">\u0417\u0430\u043a\u043e\u043d \u043e \u0414\u043e\u0440\u043e\u0436\u043d\u043e\u043c \u0441\u0442\u0440\u0430\u0445\u043e\u0432\u0430\u043d\u0438\u0438 (Liikluskindlustuse seadus)<\/a><br \/>\n\u041f\u043e\u0440\u044f\u0434\u043e\u043a \u043f\u0435\u0440\u0435\u0434\u0430\u0447\u0438 \u0438\u043d\u0444\u043e\u0440\u043c\u0430\u0446\u0438\u0438 \u0438\u0437 \u043f\u043e\u043b\u0438\u0446\u0438\u0438 \u0432 \u042d\u0441\u0442\u043e\u043d\u0441\u043a\u0438\u0439 \u0424\u043e\u043d\u0434 \u0414\u043e\u0440\u043e\u0436\u043d\u043e\u0433\u043e \u0441\u0442\u0440\u0430\u0445\u043e\u0432\u0430\u043d\u0438\u044f (Politsei poolt Eesti Liikluskindlustuse Fondile teadete edastamise kord)<br \/>\n<a href=\"https:\/\/www.riigiteataja.ee\/akt\/265273\" target=\"_blank\" rel=\"noopener\">\u041f\u0440\u0430\u0432\u0438\u043b\u0430 \u0434\u043e\u0440\u043e\u0436\u043d\u043e\u0433\u043e \u0434\u0432\u0438\u0436\u0435\u043d\u0438\u044f (Liikluseeskiri)<\/a><br \/>\n<a href=\"https:\/\/www.riigiteataja.ee\/akt\/262352?leiaKehtiv\" target=\"_blank\" rel=\"noopener\">\u0413\u043e\u0441\u0443\u0434\u0430\u0440\u0441\u0442\u0432\u0435\u043d\u043d\u044b\u0439 \u0437\u0430\u043a\u043e\u043d \u043e \u043f\u0435\u043d\u0441\u0438\u043e\u043d\u043d\u043e\u043c \u0441\u0442\u0440\u0430\u0445\u043e\u0432\u0430\u043d\u0438\u0438 (Riiklik pensionikindlustuse seadus)<\/a><br \/>\n<a href=\"https:\/\/www.riigiteataja.ee\/akt\/260444?leiaKehtiv\" target=\"_blank\" rel=\"noopener\">\u0417\u0430\u043a\u043e\u043d \u043e \u043f\u043e\u0434\u043e\u0445\u043e\u0434\u043d\u043e\u043c \u043d\u0430\u043b\u043e\u0433\u0435 (Tulumaksuseadus)<\/a><br \/>\n<a href=\"https:\/\/www.riigiteataja.ee\/akt\/192373?leiaKehtiv\" target=\"_blank\" rel=\"noopener\">\u0417\u0430\u043a\u043e\u043d \u043e \u043f\u0440\u0435\u0434\u043e\u0442\u0432\u0440\u0430\u0449\u0435\u043d\u0438\u0438 \u043e\u0442\u043c\u044b\u0432\u0430\u043d\u0438\u044f \u0434\u0435\u043d\u0435\u0436\u043d\u044b\u0445 \u0441\u0440\u0435\u0434\u0441\u0442\u0432 (Rahapesu t\u00f5kestamise seadus)<\/a><br \/>\n<a href=\"https:\/\/www.riigiteataja.ee\/akt\/262164?leiaKehtiv\" target=\"_blank\" rel=\"noopener\">\u0417\u0430\u043a\u043e\u043d \u043e \u0441\u043f\u0430\u0441\u0430\u0442\u0435\u043b\u044c\u043d\u043e\u0439 \u0434\u0435\u044f\u0442\u0435\u043b\u044c\u043d\u043e\u0441\u0442\u0438 (P\u00e4\u00e4steseadus)<\/a><br \/>\n<a href=\"https:\/\/www.riigiteataja.ee\/akt\/83361?leiaKehtiv\" target=\"_blank\" rel=\"noopener\">\u041e\u0431\u0449\u0438\u0435 \u0442\u0440\u0435\u0431\u043e\u0432\u0430\u043d\u0438\u044f \u043f\u043e\u0436\u0430\u0440\u043d\u043e\u0439 \u0431\u0435\u0437\u043e\u043f\u0430\u0441\u043d\u043e\u0441\u0442\u0438 (Tuleohutuse \u00fcldn\u00f5uded)<\/a><br \/>\n\u041b\u0438\u0446\u0435\u043d\u0437\u0438\u0438, \u0432\u044b\u0434\u0430\u043d\u043d\u044b\u0435 \u043e\u0445\u0440\u0430\u043d\u043d\u044b\u043c \u0444\u0438\u0440\u043c\u0430\u043c (Turvaettev\u00f5tetele v\u00e4ljastatud tegevusload)<br \/>\n\u041e\u0441\u043d\u043e\u0432\u043d\u044b\u0435 \u0443\u0441\u043b\u043e\u0432\u0438\u044f \u0434\u043e\u0433\u043e\u0432\u043e\u0440\u0430 \u0442\u0435\u0445\u043d\u0438\u0447\u0435\u0441\u043a\u043e\u0439 \u043e\u0445\u0440\u0430\u043d\u044b (Tehnilise valvelepingu \u00fcldtingimused)<br \/>\n\u0422\u0440\u0430\u0431\u043e\u0432\u0430\u043d\u0438\u044f \u043a \u0437\u0430\u043c\u043a\u0430\u043c \u0434\u0432\u0435\u0440\u0435\u0439 (N\u00f5uded uste turvalukkudele)<br \/>\n\u0421\u043f\u0438\u0441\u043e\u043a \u043f\u0440\u0438\u0437\u043d\u0430\u043d\u043d\u044b\u0445 \u0437\u0430\u043c\u043a\u043e\u0432 (Tunnustatud turvalukkude nimekiri)<br \/>\n\u041c\u0438\u043d\u0438\u043c\u0430\u043b\u044c\u043d\u044b\u0435 \u0442\u0440\u0435\u0431\u043e\u0432\u0430\u043d\u0438\u044f \u043a \u043f\u0440\u043e\u0442\u0438\u0432\u043e\u0432\u0437\u043b\u043e\u043c\u043d\u043e\u0439 \u0431\u0435\u0437\u043e\u043f\u0430\u0441\u043d\u043e\u0441\u0442\u0438 \u043e\u043a\u043e\u043d (Miinimumn\u00f5uded akende sissemurdmisvastasele turvalisusele)<\/p>\n<p style=\"text-align: justify;\"><a href=\"https:\/\/kindlustuseabc.ee\/wp-content\/uploads\/2022\/05\/ABC-Kindlustusmaaklerid-OU-teabeleht-08.04.2022.pdf\" target=\"_blank\" rel=\"noopener\">Teabeleht<\/a><br \/>\n<a href=\"https:\/\/kindlustuseabc.ee\/wp-content\/uploads\/2022\/06\/ABC-maaklerlepingu-uldtingimused.pdf\" target=\"_blank\" rel=\"noopener\">Maaklerleping<\/a><br \/>\n<a href=\"https:\/\/kindlustuseabc.ee\/wp-content\/uploads\/2022\/06\/ABC-Isikuandmete-tootlemise-pohimotted.pdf\" target=\"_blank\" rel=\"noopener\">Isikuandmete t\u00f6\u00f6tlemise p\u00f5him\u00f5tted<\/a><\/p>\n<p style=\"text-align: justify;\"><strong>\u041e\u0440\u0433\u0430\u043d\u0438\u0437\u0430\u0446\u0438\u0438<br \/>\n<\/strong><a href=\"http:\/\/www.fi.ee\/\" target=\"_blank\" rel=\"noopener\">\u0424\u0438\u043d\u0430\u043d\u0441\u043e\u0432\u0430\u044f \u0438\u043d\u0441\u043f\u0435\u043a\u0446\u0438\u044f \u042d\u0441\u0442\u043e\u043d\u0438\u0438 (Eesti Finantsinspektsioon)<\/a><br \/>\n<a href=\"http:\/\/www.fin.ee\/\" target=\"_blank\" rel=\"noopener\">\u041c\u0438\u043d\u0438\u0441\u0442\u0435\u0440\u0441\u0442\u0432\u043e \u0444\u0438\u043d\u0430\u043d\u0441\u043e\u0432 (Rahandusministeerium)<\/a><br \/>\n<a href=\"http:\/\/www.lkf.ee\/\" target=\"_blank\" rel=\"noopener\">\u0424\u043e\u043d\u0434 \u0434\u043e\u0440\u043e\u0436\u043d\u043e\u0433\u043e \u0441\u0442\u0440\u0430\u0445\u043e\u0432\u0430\u043d\u0438\u044f \u042d\u0441\u0442\u043e\u043d\u0438\u0438 (Eesti Liikluskindlustuse Fond)<\/a><br \/>\n\u0415\u0432\u0440\u043e\u043f\u0435\u0439\u0441\u043a\u0430\u044f \u0424\u0435\u0434\u0435\u0440\u0430\u0446\u0438\u044f \u0421\u0442\u0440\u0430\u0445\u043e\u0432\u044b\u0445 \u043f\u043e\u0441\u0440\u0435\u0434\u043d\u0438\u043a\u043e\u0432 (European Federation of Insurance Intermediaries)<br \/>\n<a href=\"http:\/\/www.ekml.ee\/\" target=\"_blank\" rel=\"noopener\">Eesti Kindlustusmaaklerite Liit<\/a><\/p>\n<p>[\/vc_column_text][\/vc_column][\/vc_row]<\/p>\n","protected":false},"excerpt":{"rendered":"<p>[vc_row drbt-bg-image-position=&#187;center-bottom&#187; drbt-bg-image-color-order=&#187;image-over-color&#187; content_placement=&#187;middle&#187; css=&#187;.vc_custom_1653991843316{padding-bottom: 200px !important;background-position: 0 0 !important;background-repeat: repeat !important;}&#187; el_class=&#187;drbt-overflow-visible&#187; drbt-responsive-css=&#187;52451703|colbreak_no|||||||||colbreak_yes|||||80||70||colbreak_no|||||70||60|||colbreak_no|||||||||&#187;][vc_column drbt-zindex=&#187;2&#8243; drbt-responsive-css=&#187;62814254|colbreak_no|||||||||colbreak_no|||0||||||colbreak_no||||||||||colbreak_no|||||||||&#187;][vc_column_text] \u0417\u0430\u043a\u043e\u043d\u043e\u0434\u0430\u0442\u0435\u043b\u044c\u0441\u0442\u0432\u043e \u0417\u0430\u043a\u043e\u043d \u043e \u0434\u043e\u043b\u0433\u043e\u0432\u044b\u0445 \u043e\u0431\u044f\u0437\u0430\u0442\u0435\u043b\u044c\u0441\u0442\u0432\u0430\u0445 (V\u00f5la\u00f5igusseadus) \u0417\u0430\u043a\u043e\u043d \u043e \u0421\u0442\u0440\u0430\u0445\u043e\u0432\u043e\u0439 \u0434\u0435\u044f\u0442\u0435\u043b\u044c\u043d\u043e\u0441\u0442\u0438 (Kindlustustegevuse seadus) \u0417\u0430\u043a\u043e\u043d \u043e \u0414\u043e\u0440\u043e\u0436\u043d\u043e\u043c \u0441\u0442\u0440\u0430\u0445\u043e\u0432\u0430\u043d\u0438\u0438 (Liikluskindlustuse seadus) \u041f\u043e\u0440\u044f\u0434\u043e\u043a \u043f\u0435\u0440\u0435\u0434\u0430\u0447\u0438 \u0438\u043d\u0444\u043e\u0440\u043c\u0430\u0446\u0438\u0438 \u0438\u0437 \u043f\u043e\u043b\u0438\u0446\u0438\u0438 \u0432 \u042d\u0441\u0442\u043e\u043d\u0441\u043a\u0438\u0439 \u0424\u043e\u043d\u0434 \u0414\u043e\u0440\u043e\u0436\u043d\u043e\u0433\u043e \u0441\u0442\u0440\u0430\u0445\u043e\u0432\u0430\u043d\u0438\u044f (Politsei poolt Eesti Liikluskindlustuse Fondile teadete edastamise kord) \u041f\u0440\u0430\u0432\u0438\u043b\u0430 \u0434\u043e\u0440\u043e\u0436\u043d\u043e\u0433\u043e \u0434\u0432\u0438\u0436\u0435\u043d\u0438\u044f [&hellip;]<\/p>\n","protected":false},"author":1,"featured_media":0,"parent":0,"menu_order":0,"comment_status":"closed","ping_status":"closed","template":"","meta":{"_acf_changed":false,"footnotes":""},"class_list":["post-15055","page","type-page","status-publish","hentry"],"acf":[],"_links":{"self":[{"href":"https:\/\/kindlustuseabc.ee\/ru\/wp-json\/wp\/v2\/pages\/15055","targetHints":{"allow":["GET"]}}],"collection":[{"href":"https:\/\/kindlustuseabc.ee\/ru\/wp-json\/wp\/v2\/pages"}],"about":[{"href":"https:\/\/kindlustuseabc.ee\/ru\/wp-json\/wp\/v2\/types\/page"}],"author":[{"embeddable":true,"href":"https:\/\/kindlustuseabc.ee\/ru\/wp-json\/wp\/v2\/users\/1"}],"replies":[{"embeddable":true,"href":"https:\/\/kindlustuseabc.ee\/ru\/wp-json\/wp\/v2\/comments?post=15055"}],"version-history":[{"count":3,"href":"https:\/\/kindlustuseabc.ee\/ru\/wp-json\/wp\/v2\/pages\/15055\/revisions"}],"predecessor-version":[{"id":15058,"href":"https:\/\/kindlustuseabc.ee\/ru\/wp-json\/wp\/v2\/pages\/15055\/revisions\/15058"}],"wp:attachment":[{"href":"https:\/\/kindlustuseabc.ee\/ru\/wp-json\/wp\/v2\/media?parent=15055"}],"curies":[{"name":"wp","href":"https:\/\/api.w.org\/{rel}","templated":true}]}}