{"id":16687,"date":"2022-05-31T08:14:41","date_gmt":"2022-05-31T08:14:41","guid":{"rendered":"https:\/\/turundus.eu\/leht\/kindlustuseabc\/?page_id=16687"},"modified":"2023-11-20T07:51:59","modified_gmt":"2023-11-20T07:51:59","slug":"our-team","status":"publish","type":"page","link":"https:\/\/kindlustuseabc.ee\/en\/our-team\/","title":{"rendered":"Our team"},"content":{"rendered":"<p>[vc_row drbt-bg-image-position=&#8221;center-bottom&#8221; drbt-bg-image-color-order=&#8221;image-over-color&#8221; content_placement=&#8221;middle&#8221; css=&#8221;.vc_custom_1653991843316{padding-bottom: 200px !important;background-position: 0 0 !important;background-repeat: repeat !important;}&#8221; el_class=&#8221;drbt-overflow-visible&#8221; drbt-responsive-css=&#8221;52451703|colbreak_no|||||||||colbreak_yes|||||80||70||colbreak_no|||||70||60|||colbreak_no|||||||||&#8221;][vc_column drbt-zindex=&#8221;2&#8243; drbt-responsive-css=&#8221;62814254|colbreak_no|||||||||colbreak_no|||0||||||colbreak_no||||||||||colbreak_no|||||||||&#8221;][vc_column_text]<\/p>\n<p style=\"text-align: justify;\">Name: <strong>Erik Sei<\/strong><br \/>\nPosition: board member<br \/>\nCell: 5119376<br \/>\ne-mail: erik (\u00e4t) kindlustuseabc.ee<\/p>\n<p style=\"text-align: justify;\">Name: <strong>Enel Aas<br \/>\n<\/strong>Position: secretary<br \/>\nPhone: 6679650<br \/>\ne-mail: info (\u00e4t) kindlustuseabc.ee<\/p>\n<p style=\"text-align: justify;\">Name:<strong>Katre-Liis Vunk<\/strong><br \/>\nPosition: bookkeeper<br \/>\nCell: 5142902<br \/>\ne-mail: katre (\u00e4t) kindlustuseabc.ee<\/p>\n<p style=\"text-align: justify;\">Name:<strong>Liia Vilk<\/strong><br \/>\nPosition: bookkeeper<br \/>\nPhone: 6679656<br \/>\ne-mail: liia (\u00e4t) kindlustuseabc.ee<\/p>\n<p>Nimi: <strong>Kaire V\u00f5sa<\/strong><br \/>\nPosition : sales assistant<br \/>\nTelefon: 5063062<br \/>\ne-Post: kaire (\u00e4t) kindlustuseabc.ee<\/p>\n<p style=\"text-align: justify;\">Name:<strong>K\u00fclli Hardma<br \/>\n<\/strong>Position: insurance broker<br \/>\nCell: 5065802<br \/>\ne-mail: kylli (\u00e4t) kindlustuseabc.ee<\/p>\n<p style=\"text-align: justify;\">Name:<strong>Triinu Mihkelson<br \/>\n<\/strong>Position: sales assistant<br \/>\nCell: 5151150<br \/>\ne-mail: triinu (\u00e4t) kindlustuseabc.ee<\/p>\n<p style=\"text-align: justify;\">Name:<strong>Madli Kristjuhan<\/strong><br \/>\nPosition: insurance broker<br \/>\nCell: 56603125<br \/>\ne-mail: madli (\u00e4t) kindlustuseabc.ee<\/p>\n<p style=\"text-align: justify;\">Name:<strong>Ene Roose<\/strong><br \/>\nPosition: insurance broker<br \/>\nCell: 53938066<br \/>\ne-mail: ene (\u00e4t) kindlustuseabc.ee<\/p>\n<p style=\"text-align: justify;\">Name: <strong>Klara Orehova<br \/>\n<\/strong>Position: insurance broker<br \/>\nCell: 55683305<br \/>\ne-mail: klara (\u00e4t) kindlustuseabc.ee<\/p>\n<p style=\"text-align: justify;\">Name: <strong>Nadezda Orehova<\/strong><br \/>\nPosition: insurance broker<br \/>\nCell: 55621462<br \/>\ne-mail: nadezda (\u00e4t) kindlustuseabc.ee<\/p>\n<p>Name: <strong>Liina M\u00e4\u00e4rits<\/strong><br \/>\nPosition: insurance broker<br \/>\nCell: 5654450<br \/>\ne-mail: liina (\u00e4t) kindlustuseabc.ee<\/p>\n<p>Name:<strong>Tiiu Puntso<\/strong><br \/>\nPosition: insurance broker<br \/>\nCell: 55632062<br \/>\ne-mail: tiiu (\u00e4t) kindlustuseabc.ee<\/p>\n<p>Name:<strong>Skaidrite M\u00e4esalu<\/strong><br \/>\nPosition: insurance broker<br \/>\nCell: 53305534<br \/>\ne-mail: skaidrite (\u00e4t) kindlustuseabc.ee[\/vc_column_text][\/vc_column][\/vc_row]<\/p>\n","protected":false},"excerpt":{"rendered":"<p>[vc_row drbt-bg-image-position=&#8221;center-bottom&#8221; drbt-bg-image-color-order=&#8221;image-over-color&#8221; content_placement=&#8221;middle&#8221; css=&#8221;.vc_custom_1653991843316{padding-bottom: 200px !important;background-position: 0 0 !important;background-repeat: repeat !important;}&#8221; el_class=&#8221;drbt-overflow-visible&#8221; drbt-responsive-css=&#8221;52451703|colbreak_no|||||||||colbreak_yes|||||80||70||colbreak_no|||||70||60|||colbreak_no|||||||||&#8221;][vc_column drbt-zindex=&#8221;2&#8243; drbt-responsive-css=&#8221;62814254|colbreak_no|||||||||colbreak_no|||0||||||colbreak_no||||||||||colbreak_no|||||||||&#8221;][vc_column_text] Name: Erik Sei Position: board member Cell: 5119376 e-mail: erik (\u00e4t) kindlustuseabc.ee Name: Enel Aas Position: secretary Phone: 6679650 e-mail: info (\u00e4t) kindlustuseabc.ee Name:Katre-Liis Vunk Position: bookkeeper Cell: 5142902 e-mail: katre (\u00e4t) kindlustuseabc.ee Name:Liia Vilk Position: bookkeeper Phone: 6679656 [&hellip;]<\/p>\n","protected":false},"author":1,"featured_media":0,"parent":0,"menu_order":0,"comment_status":"closed","ping_status":"closed","template":"","meta":{"_acf_changed":false,"footnotes":""},"class_list":["post-16687","page","type-page","status-publish","hentry"],"acf":[],"_links":{"self":[{"href":"https:\/\/kindlustuseabc.ee\/en\/wp-json\/wp\/v2\/pages\/16687","targetHints":{"allow":["GET"]}}],"collection":[{"href":"https:\/\/kindlustuseabc.ee\/en\/wp-json\/wp\/v2\/pages"}],"about":[{"href":"https:\/\/kindlustuseabc.ee\/en\/wp-json\/wp\/v2\/types\/page"}],"author":[{"embeddable":true,"href":"https:\/\/kindlustuseabc.ee\/en\/wp-json\/wp\/v2\/users\/1"}],"replies":[{"embeddable":true,"href":"https:\/\/kindlustuseabc.ee\/en\/wp-json\/wp\/v2\/comments?post=16687"}],"version-history":[{"count":3,"href":"https:\/\/kindlustuseabc.ee\/en\/wp-json\/wp\/v2\/pages\/16687\/revisions"}],"predecessor-version":[{"id":17053,"href":"https:\/\/kindlustuseabc.ee\/en\/wp-json\/wp\/v2\/pages\/16687\/revisions\/17053"}],"wp:attachment":[{"href":"https:\/\/kindlustuseabc.ee\/en\/wp-json\/wp\/v2\/media?parent=16687"}],"curies":[{"name":"wp","href":"https:\/\/api.w.org\/{rel}","templated":true}]}}