{"id":15040,"date":"2022-05-31T08:19:13","date_gmt":"2022-05-31T08:19:13","guid":{"rendered":"https:\/\/turundus.eu\/leht\/kindlustuseabc\/?page_id=15040"},"modified":"2022-06-01T09:03:16","modified_gmt":"2022-06-01T09:03:16","slug":"useful-links","status":"publish","type":"page","link":"https:\/\/kindlustuseabc.ee\/en\/useful-links\/","title":{"rendered":"Useful links"},"content":{"rendered":"<p>[vc_row drbt-bg-image-position=&#8221;center-bottom&#8221; drbt-bg-image-color-order=&#8221;image-over-color&#8221; content_placement=&#8221;middle&#8221; css=&#8221;.vc_custom_1653991843316{padding-bottom: 200px !important;background-position: 0 0 !important;background-repeat: repeat !important;}&#8221; el_class=&#8221;drbt-overflow-visible&#8221; drbt-responsive-css=&#8221;52451703|colbreak_no|||||||||colbreak_yes|||||80||70||colbreak_no|||||70||60|||colbreak_no|||||||||&#8221;][vc_column drbt-zindex=&#8221;2&#8243; drbt-responsive-css=&#8221;62814254|colbreak_no|||||||||colbreak_no|||0||||||colbreak_no||||||||||colbreak_no|||||||||&#8221;][vc_column_text]<a href=\"https:\/\/kindlustuseabc.ee\/wp-content\/uploads\/2022\/05\/ABC-Kindlustusmaaklerid-OU-teabeleht-08.04.2022.pdf\" target=\"_blank\" rel=\"noopener\">Factsheet<\/a><br \/>\n<a href=\"https:\/\/kindlustuseabc.ee\/wp-content\/uploads\/2022\/06\/ABC-maaklerlepingu-uldtingimused.pdf\" target=\"_blank\" rel=\"noopener\">Maaklerleping<\/a><br \/>\n<a href=\"https:\/\/kindlustuseabc.ee\/wp-content\/uploads\/2022\/06\/ABC-Isikuandmete-tootlemise-pohimotted.pdf\" target=\"_blank\" rel=\"noopener\">Isikuandmete t\u00f6\u00f6tlemise p\u00f5him\u00f5tted<\/a>[\/vc_column_text][\/vc_column][\/vc_row]<\/p>\n","protected":false},"excerpt":{"rendered":"<p>[vc_row drbt-bg-image-position=&#8221;center-bottom&#8221; drbt-bg-image-color-order=&#8221;image-over-color&#8221; content_placement=&#8221;middle&#8221; css=&#8221;.vc_custom_1653991843316{padding-bottom: 200px !important;background-position: 0 0 !important;background-repeat: repeat !important;}&#8221; el_class=&#8221;drbt-overflow-visible&#8221; drbt-responsive-css=&#8221;52451703|colbreak_no|||||||||colbreak_yes|||||80||70||colbreak_no|||||70||60|||colbreak_no|||||||||&#8221;][vc_column drbt-zindex=&#8221;2&#8243; drbt-responsive-css=&#8221;62814254|colbreak_no|||||||||colbreak_no|||0||||||colbreak_no||||||||||colbreak_no|||||||||&#8221;][vc_column_text]Factsheet Maaklerleping Isikuandmete t\u00f6\u00f6tlemise p\u00f5him\u00f5tted[\/vc_column_text][\/vc_column][\/vc_row]<\/p>\n","protected":false},"author":1,"featured_media":0,"parent":0,"menu_order":0,"comment_status":"closed","ping_status":"closed","template":"","meta":{"_acf_changed":false,"footnotes":""},"class_list":["post-15040","page","type-page","status-publish","hentry"],"acf":[],"_links":{"self":[{"href":"https:\/\/kindlustuseabc.ee\/en\/wp-json\/wp\/v2\/pages\/15040","targetHints":{"allow":["GET"]}}],"collection":[{"href":"https:\/\/kindlustuseabc.ee\/en\/wp-json\/wp\/v2\/pages"}],"about":[{"href":"https:\/\/kindlustuseabc.ee\/en\/wp-json\/wp\/v2\/types\/page"}],"author":[{"embeddable":true,"href":"https:\/\/kindlustuseabc.ee\/en\/wp-json\/wp\/v2\/users\/1"}],"replies":[{"embeddable":true,"href":"https:\/\/kindlustuseabc.ee\/en\/wp-json\/wp\/v2\/comments?post=15040"}],"version-history":[{"count":4,"href":"https:\/\/kindlustuseabc.ee\/en\/wp-json\/wp\/v2\/pages\/15040\/revisions"}],"predecessor-version":[{"id":15053,"href":"https:\/\/kindlustuseabc.ee\/en\/wp-json\/wp\/v2\/pages\/15040\/revisions\/15053"}],"wp:attachment":[{"href":"https:\/\/kindlustuseabc.ee\/en\/wp-json\/wp\/v2\/media?parent=15040"}],"curies":[{"name":"wp","href":"https:\/\/api.w.org\/{rel}","templated":true}]}}